{"id":23,"date":"2023-12-28T08:34:49","date_gmt":"2023-12-28T08:34:49","guid":{"rendered":"https:\/\/nullo-stage.qtsound.me\/?page_id=23"},"modified":"2024-02-09T13:19:04","modified_gmt":"2024-02-09T13:19:04","slug":"about-nullo","status":"publish","type":"page","link":"https:\/\/nullo-stage.qtsound.me\/hr\/about-nullo\/","title":{"rendered":"Upoznajte Nullo"},"content":{"rendered":"<div data-elementor-type=\"wp-page\" data-elementor-id=\"23\" class=\"elementor elementor-23\" data-elementor-post-type=\"page\">\n\t\t\t\t<div class=\"elementor-element elementor-element-7f8d47f e-flex e-con-boxed e-con e-parent\" data-id=\"7f8d47f\" data-element_type=\"container\" data-e-type=\"container\" data-settings=\"{&quot;background_background&quot;:&quot;classic&quot;}\">\n\t\t\t\t\t<div class=\"e-con-inner\">\n\t\t\t\t<div class=\"elementor-element elementor-element-75b2073 elementor-widget elementor-widget-heading\" data-id=\"75b2073\" data-element_type=\"widget\" data-e-type=\"widget\" data-widget_type=\"heading.default\">\n\t\t\t\t<div class=\"elementor-widget-container\">\n\t\t\t\t\t<h2 class=\"elementor-heading-title elementor-size-default\">Upoznajte Nullo<\/h2>\t\t\t\t<\/div>\n\t\t\t\t<\/div>\n\t\t\t\t<div class=\"elementor-element elementor-element-36f55a7 elementor-widget elementor-widget-text-editor\" data-id=\"36f55a7\" data-element_type=\"widget\" data-e-type=\"widget\" data-widget_type=\"text-editor.default\">\n\t\t\t\t<div class=\"elementor-widget-container\">\n\t\t\t\t\t\t\t\t\t<p><strong>\u2501\u2501\u2501\u2501\u2501\u2501<\/strong>\u00a0 Na\u0161a pri\u010da ukratko<\/p>\t\t\t\t\t\t\t\t<\/div>\n\t\t\t\t<\/div>\n\t\t\t\t<div class=\"elementor-element elementor-element-b8ee2bf elementor-widget elementor-widget-button\" data-id=\"b8ee2bf\" data-element_type=\"widget\" data-e-type=\"widget\" data-widget_type=\"button.default\">\n\t\t\t\t<div class=\"elementor-widget-container\">\n\t\t\t\t\t\t\t\t\t<div class=\"elementor-button-wrapper\">\n\t\t\t\t\t<a class=\"elementor-button elementor-button-link elementor-size-sm\" href=\"#\">\n\t\t\t\t\t\t<span class=\"elementor-button-content-wrapper\">\n\t\t\t\t\t\t\t\t\t<span class=\"elementor-button-text\">Kontaktirajte nas<\/span>\n\t\t\t\t\t<\/span>\n\t\t\t\t\t<\/a>\n\t\t\t\t<\/div>\n\t\t\t\t\t\t\t\t<\/div>\n\t\t\t\t<\/div>\n\t\t\t\t<div class=\"elementor-element elementor-element-9bf8d02 elementor-widget elementor-widget-spacer\" data-id=\"9bf8d02\" data-element_type=\"widget\" data-e-type=\"widget\" data-widget_type=\"spacer.default\">\n\t\t\t\t<div class=\"elementor-widget-container\">\n\t\t\t\t\t\t\t<div class=\"elementor-spacer\">\n\t\t\t<div class=\"elementor-spacer-inner\"><\/div>\n\t\t<\/div>\n\t\t\t\t\t\t<\/div>\n\t\t\t\t<\/div>\n\t\t\t\t\t<\/div>\n\t\t\t\t<\/div>\n\t\t<div class=\"elementor-element elementor-element-7ac50dc e-con-full e-flex e-con e-parent\" data-id=\"7ac50dc\" data-element_type=\"container\" data-e-type=\"container\">\n\t\t<div class=\"elementor-element elementor-element-672a2a4 e-con-full e-flex e-con e-child\" data-id=\"672a2a4\" data-element_type=\"container\" data-e-type=\"container\">\n\t\t\t\t<div class=\"elementor-element elementor-element-22f27db elementor-widget elementor-widget-heading\" data-id=\"22f27db\" data-element_type=\"widget\" data-e-type=\"widget\" data-widget_type=\"heading.default\">\n\t\t\t\t<div class=\"elementor-widget-container\">\n\t\t\t\t\t<h2 class=\"elementor-heading-title elementor-size-default\">Vrijednosti kojima se vodimo<\/h2>\t\t\t\t<\/div>\n\t\t\t\t<\/div>\n\t\t\t\t<div class=\"elementor-element elementor-element-073dfce elementor-widget elementor-widget-text-editor\" data-id=\"073dfce\" data-element_type=\"widget\" data-e-type=\"widget\" data-widget_type=\"text-editor.default\">\n\t\t\t\t<div class=\"elementor-widget-container\">\n\t\t\t\t\t\t\t\t\t<p><strong><em>Nudimo premium proizvode.<\/em><\/strong><\/p><p>Ekskluzivan dizajn.<\/p><p>Vrhunsku kvalitetu.<\/p><p>Visoku izdr\u017eljivost.<\/p><p>Iskoristite svaki trenutak<\/p><p>Stvorite vlastiti raj.<\/p>\t\t\t\t\t\t\t\t<\/div>\n\t\t\t\t<\/div>\n\t\t\t\t<\/div>\n\t\t<div class=\"elementor-element elementor-element-86e7cd3 e-con-full e-flex e-con e-child\" data-id=\"86e7cd3\" data-element_type=\"container\" data-e-type=\"container\" data-settings=\"{&quot;background_background&quot;:&quot;classic&quot;}\">\n\t\t\t\t<\/div>\n\t\t\t\t<\/div>\n\t\t<div class=\"elementor-element elementor-element-8c031bb e-con-full e-flex e-con e-parent\" data-id=\"8c031bb\" data-element_type=\"container\" data-e-type=\"container\" data-settings=\"{&quot;background_background&quot;:&quot;classic&quot;}\">\n\t\t<div class=\"elementor-element elementor-element-2520d4b e-con-full e-flex e-con e-child\" data-id=\"2520d4b\" data-element_type=\"container\" data-e-type=\"container\" data-settings=\"{&quot;background_background&quot;:&quot;classic&quot;}\">\n\t\t\t\t<\/div>\n\t\t<div class=\"elementor-element elementor-element-9247a3a e-con-full e-flex e-con e-child\" data-id=\"9247a3a\" data-element_type=\"container\" data-e-type=\"container\">\n\t\t\t\t<div class=\"elementor-element elementor-element-77bbaad elementor-widget__width-initial elementor-widget-mobile__width-initial elementor-widget elementor-widget-heading\" data-id=\"77bbaad\" data-element_type=\"widget\" data-e-type=\"widget\" data-widget_type=\"heading.default\">\n\t\t\t\t<div class=\"elementor-widget-container\">\n\t\t\t\t\t<h2 class=\"elementor-heading-title elementor-size-default\">Dizajn za sva godi\u0161nja doba<\/h2>\t\t\t\t<\/div>\n\t\t\t\t<\/div>\n\t\t\t\t<div class=\"elementor-element elementor-element-0d198bd elementor-widget__width-initial elementor-widget-mobile__width-initial elementor-widget elementor-widget-text-editor\" data-id=\"0d198bd\" data-element_type=\"widget\" data-e-type=\"widget\" data-widget_type=\"text-editor.default\">\n\t\t\t\t<div class=\"elementor-widget-container\">\n\t\t\t\t\t\t\t\t\t<p>Zahvaljuju\u0107i materijalima koje koristimo u proizvodnji, na\u0161e kuhinje i kamini prikladni su za sva godi\u0161nja doba.<\/p><p><em><strong>U\u017eivajte u trenucima u svom vrtu, bez obzira na vremenske uvjete.<\/strong><\/em><\/p>\t\t\t\t\t\t\t\t<\/div>\n\t\t\t\t<\/div>\n\t\t\t\t<\/div>\n\t\t\t\t<\/div>\n\t\t<div class=\"elementor-element elementor-element-f9c844e e-con-full e-flex e-con e-parent\" data-id=\"f9c844e\" data-element_type=\"container\" data-e-type=\"container\">\n\t\t<div class=\"elementor-element elementor-element-5a9a44c e-con-full e-flex e-con e-child\" data-id=\"5a9a44c\" data-element_type=\"container\" data-e-type=\"container\">\n\t\t\t\t<div class=\"elementor-element elementor-element-fb8904b elementor-widget elementor-widget-heading\" data-id=\"fb8904b\" data-element_type=\"widget\" data-e-type=\"widget\" data-widget_type=\"heading.default\">\n\t\t\t\t<div class=\"elementor-widget-container\">\n\t\t\t\t\t<h2 class=\"elementor-heading-title elementor-size-default\">Personalizirani dizajn<\/h2>\t\t\t\t<\/div>\n\t\t\t\t<\/div>\n\t\t\t\t<div class=\"elementor-element elementor-element-37d3472 elementor-widget elementor-widget-text-editor\" data-id=\"37d3472\" data-element_type=\"widget\" data-e-type=\"widget\" data-widget_type=\"text-editor.default\">\n\t\t\t\t<div class=\"elementor-widget-container\">\n\t\t\t\t\t\t\t\t\t<p>Klju\u010dna zna\u010dajka na\u0161ih sustava je prilagodba.<\/p><p>Svaki proizvod je jedinstven.<\/p><p>Na\u0161i modularni sustavi omogu\u0107uju potpunu personalizaciju<br \/>svih proizvoda.<\/p><p><em><strong>Vi zamislite, mi ostvarujemo.<\/strong><\/em><\/p>\t\t\t\t\t\t\t\t<\/div>\n\t\t\t\t<\/div>\n\t\t\t\t<\/div>\n\t\t<div class=\"elementor-element elementor-element-9b11a0a e-con-full e-flex e-con e-child\" data-id=\"9b11a0a\" data-element_type=\"container\" data-e-type=\"container\" data-settings=\"{&quot;background_background&quot;:&quot;classic&quot;}\">\n\t\t\t\t<\/div>\n\t\t\t\t<\/div>\n\t\t<div class=\"elementor-element elementor-element-8b9c98c elementor-hidden-desktop e-flex e-con-boxed e-con e-parent\" data-id=\"8b9c98c\" data-element_type=\"container\" data-e-type=\"container\">\n\t\t\t\t\t<div class=\"e-con-inner\">\n\t\t\t\t<div class=\"elementor-element elementor-element-1ae847c elementor-widget elementor-widget-spacer\" data-id=\"1ae847c\" data-element_type=\"widget\" data-e-type=\"widget\" data-widget_type=\"spacer.default\">\n\t\t\t\t<div class=\"elementor-widget-container\">\n\t\t\t\t\t\t\t<div class=\"elementor-spacer\">\n\t\t\t<div class=\"elementor-spacer-inner\"><\/div>\n\t\t<\/div>\n\t\t\t\t\t\t<\/div>\n\t\t\t\t<\/div>\n\t\t\t\t\t<\/div>\n\t\t\t\t<\/div>\n\t\t<div class=\"elementor-element elementor-element-21c014f e-con-full e-flex e-con e-parent\" data-id=\"21c014f\" data-element_type=\"container\" data-e-type=\"container\" data-settings=\"{&quot;background_background&quot;:&quot;classic&quot;}\">\n\t\t<div class=\"elementor-element elementor-element-26712e4 e-con-full e-flex e-con e-child\" data-id=\"26712e4\" data-element_type=\"container\" data-e-type=\"container\" data-settings=\"{&quot;background_background&quot;:&quot;classic&quot;}\">\n\t\t\t\t<\/div>\n\t\t<div class=\"elementor-element elementor-element-54e3f90 e-con-full e-flex e-con e-child\" data-id=\"54e3f90\" data-element_type=\"container\" data-e-type=\"container\">\n\t\t\t\t<div class=\"elementor-element elementor-element-102da16 elementor-widget__width-initial elementor-widget-mobile__width-initial elementor-widget elementor-widget-heading\" data-id=\"102da16\" data-element_type=\"widget\" data-e-type=\"widget\" data-widget_type=\"heading.default\">\n\t\t\t\t<div class=\"elementor-widget-container\">\n\t\t\t\t\t<h2 class=\"elementor-heading-title elementor-size-default\">Elegancija i luksuz<\/h2>\t\t\t\t<\/div>\n\t\t\t\t<\/div>\n\t\t\t\t<div class=\"elementor-element elementor-element-84033b8 elementor-widget__width-initial elementor-widget-mobile__width-initial elementor-widget elementor-widget-text-editor\" data-id=\"84033b8\" data-element_type=\"widget\" data-e-type=\"widget\" data-widget_type=\"text-editor.default\">\n\t\t\t\t<div class=\"elementor-widget-container\">\n\t\t\t\t\t\t\t\t\t<p><em><strong>Izrazite svoju jedinstvenost.<\/strong><\/em><\/p><p>Posjedujte jedinstveni proizvod u svom vrtu<br \/>koji \u0107e plijeniti sve poglede.<\/p><p>Inspirirani ljepotom Mediterana, na\u0161i proizvodi ostavljaju nezaboravan dojam elegancije i luksuza.<\/p>\t\t\t\t\t\t\t\t<\/div>\n\t\t\t\t<\/div>\n\t\t\t\t<\/div>\n\t\t\t\t<\/div>\n\t\t<div class=\"elementor-element elementor-element-8e10483 e-con-full e-flex e-con e-parent\" data-id=\"8e10483\" data-element_type=\"container\" data-e-type=\"container\">\n\t\t<div class=\"elementor-element elementor-element-8785b4b e-con-full e-flex e-con e-child\" data-id=\"8785b4b\" data-element_type=\"container\" data-e-type=\"container\">\n\t\t\t\t<div class=\"elementor-element elementor-element-147e383 elementor-widget elementor-widget-heading\" data-id=\"147e383\" data-element_type=\"widget\" data-e-type=\"widget\" data-widget_type=\"heading.default\">\n\t\t\t\t<div class=\"elementor-widget-container\">\n\t\t\t\t\t<h2 class=\"elementor-heading-title elementor-size-default\">Odr\u017eivost<\/h2>\t\t\t\t<\/div>\n\t\t\t\t<\/div>\n\t\t\t\t<div class=\"elementor-element elementor-element-c593eca elementor-widget__width-initial elementor-widget-mobile__width-initial elementor-widget elementor-widget-text-editor\" data-id=\"c593eca\" data-element_type=\"widget\" data-e-type=\"widget\" data-widget_type=\"text-editor.default\">\n\t\t\t\t<div class=\"elementor-widget-container\">\n\t\t\t\t\t\t\t\t\t<p>Svi materijali koje koristimo pro\u0161li su ispitivanja visokih standarda u svim vremenskim uvjetima.<\/p><p>\u010celik, keramika i kaljeno staklo \u2013 materijali su koji traju vje\u010dno.<\/p><p><strong><em>Kori\u0161tenjem ovih visokokvalitetnih materijala, stvaramo proizvode koji \u010dine razliku u odr\u017eivosti.<\/em><\/strong><\/p>\t\t\t\t\t\t\t\t<\/div>\n\t\t\t\t<\/div>\n\t\t\t\t<\/div>\n\t\t<div class=\"elementor-element elementor-element-e35f7c6 e-con-full e-flex e-con e-child\" data-id=\"e35f7c6\" data-element_type=\"container\" data-e-type=\"container\" data-settings=\"{&quot;background_background&quot;:&quot;classic&quot;}\">\n\t\t\t\t<\/div>\n\t\t\t\t<\/div>\n\t\t<div class=\"elementor-element elementor-element-80c1db0 e-con-full e-flex e-con e-parent\" data-id=\"80c1db0\" data-element_type=\"container\" data-e-type=\"container\" data-settings=\"{&quot;background_background&quot;:&quot;classic&quot;}\">\n\t\t<div class=\"elementor-element elementor-element-4db31b6 e-con-full e-flex e-con e-child\" data-id=\"4db31b6\" data-element_type=\"container\" data-e-type=\"container\" data-settings=\"{&quot;background_background&quot;:&quot;classic&quot;}\">\n\t\t\t\t<\/div>\n\t\t<div class=\"elementor-element elementor-element-bb00f7a e-con-full e-flex e-con e-child\" data-id=\"bb00f7a\" data-element_type=\"container\" data-e-type=\"container\">\n\t\t\t\t<div class=\"elementor-element elementor-element-449e1db elementor-widget__width-initial elementor-widget-mobile__width-initial elementor-widget elementor-widget-heading\" data-id=\"449e1db\" data-element_type=\"widget\" data-e-type=\"widget\" data-widget_type=\"heading.default\">\n\t\t\t\t<div class=\"elementor-widget-container\">\n\t\t\t\t\t<h2 class=\"elementor-heading-title elementor-size-default\">Ljepota i sofisticiranost na prvom mjestu<\/h2>\t\t\t\t<\/div>\n\t\t\t\t<\/div>\n\t\t\t\t<div class=\"elementor-element elementor-element-95be58d elementor-widget__width-initial elementor-widget-mobile__width-initial elementor-widget elementor-widget-text-editor\" data-id=\"95be58d\" data-element_type=\"widget\" data-e-type=\"widget\" data-widget_type=\"text-editor.default\">\n\t\t\t\t<div class=\"elementor-widget-container\">\n\t\t\t\t\t\t\t\t\t<p>Pametno osmi\u0161ljeni proizvodi koji pomi\u010du granice.<\/p><p>Savr\u0161eni spoj funkcionalnosti i prilagodljivosti.<\/p><p>Izvrsna kombinacija sofisticiranosti i modernog \u0161arma.<\/p><p>Na\u0161i proizvodi donose vrhunski dizajn i osje\u0107aj luksuza.<\/p><p><strong><em>Osvje\u017eite svoj vanjski prostor s da\u0161kom suvremenog dizajna.<\/em><\/strong><\/p><p>\u00a0<\/p>\t\t\t\t\t\t\t\t<\/div>\n\t\t\t\t<\/div>\n\t\t\t\t<\/div>\n\t\t\t\t<\/div>\n\t\t<div class=\"elementor-element elementor-element-1128447 e-con-full e-flex e-con e-parent\" data-id=\"1128447\" data-element_type=\"container\" data-e-type=\"container\">\n\t\t<div class=\"elementor-element elementor-element-7ca4567 e-con-full e-flex e-con e-child\" data-id=\"7ca4567\" data-element_type=\"container\" data-e-type=\"container\">\n\t\t\t\t<div class=\"elementor-element elementor-element-e1250b1 elementor-widget elementor-widget-heading\" data-id=\"e1250b1\" data-element_type=\"widget\" data-e-type=\"widget\" data-widget_type=\"heading.default\">\n\t\t\t\t<div class=\"elementor-widget-container\">\n\t\t\t\t\t<h2 class=\"elementor-heading-title elementor-size-default\">Karakteristike kerami\u010dkih plo\u010da<\/h2>\t\t\t\t<\/div>\n\t\t\t\t<\/div>\n\t\t\t\t<div class=\"elementor-element elementor-element-33bbc55 elementor-widget elementor-widget-text-editor\" data-id=\"33bbc55\" data-element_type=\"widget\" data-e-type=\"widget\" data-widget_type=\"text-editor.default\">\n\t\t\t\t<div class=\"elementor-widget-container\">\n\t\t\t\t\t\t\t\t\t<p>Otporne su na toplinu, visoke temperature i temperaturne \u0161okove.<\/p><p>Otporne su na vlagu i UV zrake, bez promjene boje.<\/p><p>Otporne su na ogrebotine i abracije.<\/p><p>Otporne su na plijesan i gljivice.<\/p><p>Ekolo\u0161ke su i 100% reciklabilne.<\/p><p><strong><em>Jednostavne su za \u010di\u0161\u0107enje i odr\u017eavanje, a i otporne na mrlje.<\/em><\/strong><\/p><p>Higijenske su povr\u0161ine, pogodne za kontakt s hranom.<\/p><p>Otporne su na deterd\u017eente, sredstva za \u010di\u0161\u0107enje, kemikalije i kiseline.<\/p>\t\t\t\t\t\t\t\t<\/div>\n\t\t\t\t<\/div>\n\t\t\t\t<\/div>\n\t\t<div class=\"elementor-element elementor-element-5713e70 e-con-full e-flex e-con e-child\" data-id=\"5713e70\" data-element_type=\"container\" data-e-type=\"container\" data-settings=\"{&quot;background_background&quot;:&quot;classic&quot;}\">\n\t\t\t\t<\/div>\n\t\t\t\t<\/div>\n\t\t\t\t<\/div>","protected":false},"excerpt":{"rendered":"<p>About Nullo \u2501\u2501\u2501\u2501\u2501\u2501\u00a0 Our story at a glance Contact us Values we provide We provide premium products. Exclusive design. Premium quality. High endurance. Seize the day Create your own paradise. All season design With the materials we use in production, our kitchens and firepits are suitable for all seasons. Enjoy your moments in the garden, [&hellip;]<\/p>\n","protected":false},"author":2,"featured_media":0,"parent":0,"menu_order":0,"comment_status":"closed","ping_status":"closed","template":"","meta":{"footnotes":""},"class_list":["post-23","page","type-page","status-publish","hentry"],"yoast_head":"<!-- This site is optimized with the Yoast SEO plugin v27.3 - https:\/\/yoast.com\/product\/yoast-seo-wordpress\/ -->\n<title>About Nullo - Nullo Concept<\/title>\n<meta name=\"robots\" content=\"index, follow, max-snippet:-1, max-image-preview:large, max-video-preview:-1\" \/>\n<link rel=\"canonical\" href=\"https:\/\/nullo-stage.qtsound.me\/hr\/about-nullo\/\" \/>\n<meta property=\"og:locale\" content=\"hr_HR\" \/>\n<meta property=\"og:type\" content=\"article\" \/>\n<meta property=\"og:title\" content=\"About Nullo - Nullo Concept\" \/>\n<meta property=\"og:description\" content=\"About Nullo \u2501\u2501\u2501\u2501\u2501\u2501\u00a0 Our story at a glance Contact us Values we provide We provide premium products. Exclusive design. Premium quality. High endurance. Seize the day Create your own paradise. All season design With the materials we use in production, our kitchens and firepits are suitable for all seasons. Enjoy your moments in the garden, [&hellip;]\" \/>\n<meta property=\"og:url\" content=\"https:\/\/nullo-stage.qtsound.me\/hr\/about-nullo\/\" \/>\n<meta property=\"og:site_name\" content=\"Nullo Concept\" \/>\n<meta property=\"article:modified_time\" content=\"2024-02-09T13:19:04+00:00\" \/>\n<meta name=\"twitter:card\" content=\"summary_large_image\" \/>\n<meta name=\"twitter:label1\" content=\"Procijenjeno vrijeme \u010ditanja\" \/>\n\t<meta name=\"twitter:data1\" content=\"2 minute\" \/>\n<script type=\"application\/ld+json\" class=\"yoast-schema-graph\">{\"@context\":\"https:\\\/\\\/schema.org\",\"@graph\":[{\"@type\":\"WebPage\",\"@id\":\"https:\\\/\\\/nullo-stage.qtsound.me\\\/about-nullo\\\/\",\"url\":\"https:\\\/\\\/nullo-stage.qtsound.me\\\/about-nullo\\\/\",\"name\":\"About Nullo - Nullo Concept\",\"isPartOf\":{\"@id\":\"https:\\\/\\\/nullo-stage.qtsound.me\\\/#website\"},\"datePublished\":\"2023-12-28T08:34:49+00:00\",\"dateModified\":\"2024-02-09T13:19:04+00:00\",\"breadcrumb\":{\"@id\":\"https:\\\/\\\/nullo-stage.qtsound.me\\\/about-nullo\\\/#breadcrumb\"},\"inLanguage\":\"hr\",\"potentialAction\":[{\"@type\":\"ReadAction\",\"target\":[\"https:\\\/\\\/nullo-stage.qtsound.me\\\/about-nullo\\\/\"]}]},{\"@type\":\"BreadcrumbList\",\"@id\":\"https:\\\/\\\/nullo-stage.qtsound.me\\\/about-nullo\\\/#breadcrumb\",\"itemListElement\":[{\"@type\":\"ListItem\",\"position\":1,\"name\":\"Home\",\"item\":\"https:\\\/\\\/nullo-stage.qtsound.me\\\/\"},{\"@type\":\"ListItem\",\"position\":2,\"name\":\"About Nullo\"}]},{\"@type\":\"WebSite\",\"@id\":\"https:\\\/\\\/nullo-stage.qtsound.me\\\/#website\",\"url\":\"https:\\\/\\\/nullo-stage.qtsound.me\\\/\",\"name\":\"Nullo Concept\",\"description\":\"\",\"publisher\":{\"@id\":\"https:\\\/\\\/nullo-stage.qtsound.me\\\/#organization\"},\"potentialAction\":[{\"@type\":\"SearchAction\",\"target\":{\"@type\":\"EntryPoint\",\"urlTemplate\":\"https:\\\/\\\/nullo-stage.qtsound.me\\\/?s={search_term_string}\"},\"query-input\":{\"@type\":\"PropertyValueSpecification\",\"valueRequired\":true,\"valueName\":\"search_term_string\"}}],\"inLanguage\":\"hr\"},{\"@type\":\"Organization\",\"@id\":\"https:\\\/\\\/nullo-stage.qtsound.me\\\/#organization\",\"name\":\"Nullo Concept\",\"url\":\"https:\\\/\\\/nullo-stage.qtsound.me\\\/\",\"logo\":{\"@type\":\"ImageObject\",\"inLanguage\":\"hr\",\"@id\":\"https:\\\/\\\/nullo-stage.qtsound.me\\\/#\\\/schema\\\/logo\\\/image\\\/\",\"url\":\"https:\\\/\\\/nullo-stage.qtsound.me\\\/wp-content\\\/uploads\\\/2024\\\/02\\\/NULLO-logo-za-web.png\",\"contentUrl\":\"https:\\\/\\\/nullo-stage.qtsound.me\\\/wp-content\\\/uploads\\\/2024\\\/02\\\/NULLO-logo-za-web.png\",\"width\":830,\"height\":476,\"caption\":\"Nullo Concept\"},\"image\":{\"@id\":\"https:\\\/\\\/nullo-stage.qtsound.me\\\/#\\\/schema\\\/logo\\\/image\\\/\"}}]}<\/script>\n<!-- \/ Yoast SEO plugin. -->","yoast_head_json":{"title":"About Nullo - Nullo Concept","robots":{"index":"index","follow":"follow","max-snippet":"max-snippet:-1","max-image-preview":"max-image-preview:large","max-video-preview":"max-video-preview:-1"},"canonical":"https:\/\/nullo-stage.qtsound.me\/hr\/about-nullo\/","og_locale":"hr_HR","og_type":"article","og_title":"About Nullo - Nullo Concept","og_description":"About Nullo \u2501\u2501\u2501\u2501\u2501\u2501\u00a0 Our story at a glance Contact us Values we provide We provide premium products. Exclusive design. Premium quality. High endurance. Seize the day Create your own paradise. All season design With the materials we use in production, our kitchens and firepits are suitable for all seasons. Enjoy your moments in the garden, [&hellip;]","og_url":"https:\/\/nullo-stage.qtsound.me\/hr\/about-nullo\/","og_site_name":"Nullo Concept","article_modified_time":"2024-02-09T13:19:04+00:00","twitter_card":"summary_large_image","twitter_misc":{"Procijenjeno vrijeme \u010ditanja":"2 minute"},"schema":{"@context":"https:\/\/schema.org","@graph":[{"@type":"WebPage","@id":"https:\/\/nullo-stage.qtsound.me\/about-nullo\/","url":"https:\/\/nullo-stage.qtsound.me\/about-nullo\/","name":"About Nullo - Nullo Concept","isPartOf":{"@id":"https:\/\/nullo-stage.qtsound.me\/#website"},"datePublished":"2023-12-28T08:34:49+00:00","dateModified":"2024-02-09T13:19:04+00:00","breadcrumb":{"@id":"https:\/\/nullo-stage.qtsound.me\/about-nullo\/#breadcrumb"},"inLanguage":"hr","potentialAction":[{"@type":"ReadAction","target":["https:\/\/nullo-stage.qtsound.me\/about-nullo\/"]}]},{"@type":"BreadcrumbList","@id":"https:\/\/nullo-stage.qtsound.me\/about-nullo\/#breadcrumb","itemListElement":[{"@type":"ListItem","position":1,"name":"Home","item":"https:\/\/nullo-stage.qtsound.me\/"},{"@type":"ListItem","position":2,"name":"About Nullo"}]},{"@type":"WebSite","@id":"https:\/\/nullo-stage.qtsound.me\/#website","url":"https:\/\/nullo-stage.qtsound.me\/","name":"Nullo Concept","description":"","publisher":{"@id":"https:\/\/nullo-stage.qtsound.me\/#organization"},"potentialAction":[{"@type":"SearchAction","target":{"@type":"EntryPoint","urlTemplate":"https:\/\/nullo-stage.qtsound.me\/?s={search_term_string}"},"query-input":{"@type":"PropertyValueSpecification","valueRequired":true,"valueName":"search_term_string"}}],"inLanguage":"hr"},{"@type":"Organization","@id":"https:\/\/nullo-stage.qtsound.me\/#organization","name":"Nullo Concept","url":"https:\/\/nullo-stage.qtsound.me\/","logo":{"@type":"ImageObject","inLanguage":"hr","@id":"https:\/\/nullo-stage.qtsound.me\/#\/schema\/logo\/image\/","url":"https:\/\/nullo-stage.qtsound.me\/wp-content\/uploads\/2024\/02\/NULLO-logo-za-web.png","contentUrl":"https:\/\/nullo-stage.qtsound.me\/wp-content\/uploads\/2024\/02\/NULLO-logo-za-web.png","width":830,"height":476,"caption":"Nullo Concept"},"image":{"@id":"https:\/\/nullo-stage.qtsound.me\/#\/schema\/logo\/image\/"}}]}},"_links":{"self":[{"href":"https:\/\/nullo-stage.qtsound.me\/hr\/wp-json\/wp\/v2\/pages\/23","targetHints":{"allow":["GET"]}}],"collection":[{"href":"https:\/\/nullo-stage.qtsound.me\/hr\/wp-json\/wp\/v2\/pages"}],"about":[{"href":"https:\/\/nullo-stage.qtsound.me\/hr\/wp-json\/wp\/v2\/types\/page"}],"author":[{"embeddable":true,"href":"https:\/\/nullo-stage.qtsound.me\/hr\/wp-json\/wp\/v2\/users\/2"}],"replies":[{"embeddable":true,"href":"https:\/\/nullo-stage.qtsound.me\/hr\/wp-json\/wp\/v2\/comments?post=23"}],"version-history":[{"count":0,"href":"https:\/\/nullo-stage.qtsound.me\/hr\/wp-json\/wp\/v2\/pages\/23\/revisions"}],"wp:attachment":[{"href":"https:\/\/nullo-stage.qtsound.me\/hr\/wp-json\/wp\/v2\/media?parent=23"}],"curies":[{"name":"wp","href":"https:\/\/api.w.org\/{rel}","templated":true}]}}